{"id":124,"date":"2019-08-09T12:19:26","date_gmt":"2019-08-09T11:19:26","guid":{"rendered":"http:\/\/abschieds-zeremonie.ch\/home\/"},"modified":"2025-05-09T17:12:02","modified_gmt":"2025-05-09T16:12:02","slug":"trauerzeremonie","status":"publish","type":"page","link":"https:\/\/abschieds-zeremonie.ch\/","title":{"rendered":"Abschieds-Zeremonie"},"content":{"rendered":"\n<p class=\"wp-block-paragraph\"><\/p>\n\n\n\n<div class=\"wp-block-uagb-countdown uagb-block-e78e7e2a\"><div class=\"wp-block-uagb-countdown__box wp-block-uagb-countdown__box-days\"><div class=\"wp-block-uagb-countdown__time wp-block-uagb-countdown__time-days\">&#8211;<\/div><div class=\"wp-block-uagb-countdown__label\">DAYS<\/div><\/div><div class=\"wp-block-uagb-countdown__box wp-block-uagb-countdown__box-hours\"><div class=\"wp-block-uagb-countdown__time wp-block-uagb-countdown__time-hours\">&#8211;<\/div><div class=\"wp-block-uagb-countdown__label\">HOURS<\/div><\/div><div class=\"wp-block-uagb-countdown__box wp-block-uagb-countdown__box-minutes\"><div class=\"wp-block-uagb-countdown__time wp-block-uagb-countdown__time-minutes\">&#8211;<\/div><div class=\"wp-block-uagb-countdown__label\">MINUTES<\/div><\/div><div class=\"wp-block-uagb-countdown__box wp-block-uagb-countdown__box-seconds\"><div class=\"wp-block-uagb-countdown__time wp-block-uagb-countdown__time-seconds\">&#8211;<\/div><div class=\"wp-block-uagb-countdown__label\">SECONDS<\/div><\/div><\/div>\n\n\n\n<div class=\"wp-block-uagb-icon uagb-block-19fd37c0 uagb-icon-wrapper\"><span class=\"uagb-svg-wrapper\"><svg xmlns=\"https:\/\/www.w3.org\/2000\/svg\" viewBox=\"0 0 512 512\"><path d=\"M0 256C0 114.6 114.6 0 256 0C397.4 0 512 114.6 512 256C512 397.4 397.4 512 256 512C114.6 512 0 397.4 0 256zM371.8 211.8C382.7 200.9 382.7 183.1 371.8 172.2C360.9 161.3 343.1 161.3 332.2 172.2L224 280.4L179.8 236.2C168.9 225.3 151.1 225.3 140.2 236.2C129.3 247.1 129.3 264.9 140.2 275.8L204.2 339.8C215.1 350.7 232.9 350.7 243.8 339.8L371.8 211.8z\"><\/path><\/svg><\/span><\/div>\n\n\n\n<div class=\"wp-block-uagb-icon uagb-block-f9d5b26b uagb-icon-wrapper\"><span class=\"uagb-svg-wrapper\"><svg xmlns=\"https:\/\/www.w3.org\/2000\/svg\" viewBox=\"0 0 512 512\"><path d=\"M0 256C0 114.6 114.6 0 256 0C397.4 0 512 114.6 512 256C512 397.4 397.4 512 256 512C114.6 512 0 397.4 0 256zM371.8 211.8C382.7 200.9 382.7 183.1 371.8 172.2C360.9 161.3 343.1 161.3 332.2 172.2L224 280.4L179.8 236.2C168.9 225.3 151.1 225.3 140.2 236.2C129.3 247.1 129.3 264.9 140.2 275.8L204.2 339.8C215.1 350.7 232.9 350.7 243.8 339.8L371.8 211.8z\"><\/path><\/svg><\/span><\/div>\n\n\n\n<div class=\"wp-block-uagb-call-to-action uagb-block-09efc1e3 wp-block-button\"><div class=\"uagb-cta__wrap\"><h3 class=\"uagb-cta__title\">Aufruf zum Handeln<\/h3><p class=\"uagb-cta__desc\">Click here to change this text. Lorem ipsum dolor sit amet, consectetur adipiscing elit. Ut elit tellus, luctus nec ullamcorper mattis, pulvinar dapibus leo.<\/p><\/div><div class=\"uagb-cta__buttons\"><a href=\"#\" class=\"uagb-cta__button-link-wrapper wp-block-button__link\" target=\"_self\" rel=\"noopener noreferrer\">Weiterlesen<svg xmlns=\"https:\/\/www.w3.org\/2000\/svg\" viewBox=\"0 0 512 512\"><path d=\"M504.3 273.6l-112.1 104c-6.992 6.484-17.18 8.218-25.94 4.406c-8.758-3.812-14.42-12.45-14.42-21.1L351.9 288H32C14.33 288 .0002 273.7 .0002 255.1S14.33 224 32 224h319.9l0-72c0-9.547 5.66-18.19 14.42-22c8.754-3.809 18.95-2.075 25.94 4.41l112.1 104C514.6 247.9 514.6 264.1 504.3 273.6z\"><\/path><\/svg><\/a><\/div><\/div>\n\n\n\n<div class=\"wp-block-uagb-call-to-action uagb-block-31eb948c wp-block-button\"><div class=\"uagb-cta__wrap\"><h3 class=\"uagb-cta__title\">Aufruf zum Handeln<\/h3><p class=\"uagb-cta__desc\">Click here to change this text. Lorem ipsum dolor sit amet, consectetur adipiscing elit. Ut elit tellus, luctus nec ullamcorper mattis, pulvinar dapibus leo.<\/p><\/div><div class=\"uagb-cta__buttons\"><a href=\"#\" class=\"uagb-cta__button-link-wrapper wp-block-button__link\" target=\"_self\" rel=\"noopener noreferrer\">Weiterlesen<svg xmlns=\"https:\/\/www.w3.org\/2000\/svg\" viewBox=\"0 0 512 512\"><path d=\"M504.3 273.6l-112.1 104c-6.992 6.484-17.18 8.218-25.94 4.406c-8.758-3.812-14.42-12.45-14.42-21.1L351.9 288H32C14.33 288 .0002 273.7 .0002 255.1S14.33 224 32 224h319.9l0-72c0-9.547 5.66-18.19 14.42-22c8.754-3.809 18.95-2.075 25.94 4.41l112.1 104C514.6 247.9 514.6 264.1 504.3 273.6z\"><\/path><\/svg><\/a><\/div><\/div>\n\n\n\n<div class=\"wp-block-uagb-info-box uagb-block-d8baef8f uagb-infobox__content-wrap  uagb-infobox-icon-above-title uagb-infobox-image-valign-top\"><div class=\"uagb-ifb-content\"><div class=\"uagb-ifb-icon-wrap\"><svg xmlns=\"https:\/\/www.w3.org\/2000\/svg\" viewBox=\"0 0 512 512\"><path d=\"M0 256C0 114.6 114.6 0 256 0C397.4 0 512 114.6 512 256C512 397.4 397.4 512 256 512C114.6 512 0 397.4 0 256zM371.8 211.8C382.7 200.9 382.7 183.1 371.8 172.2C360.9 161.3 343.1 161.3 332.2 172.2L224 280.4L179.8 236.2C168.9 225.3 151.1 225.3 140.2 236.2C129.3 247.1 129.3 264.9 140.2 275.8L204.2 339.8C215.1 350.7 232.9 350.7 243.8 339.8L371.8 211.8z\"><\/path><\/svg><\/div><div class=\"uagb-ifb-title-wrap\"><h3 class=\"uagb-ifb-title\">Info-Box<\/h3><\/div><p class=\"uagb-ifb-desc\">Click here to change this text. Lorem ipsum dolor sit amet, consectetur adipiscing elit. Ut elit tellus, luctus nec ullamcorper mattis, pulvinar dapibus leo.<\/p><\/div><\/div>\n\n\n\n<p class=\"wp-block-paragraph\"><\/p>\n\n\n\n<p class=\"wp-block-paragraph\"><\/p>\n\n\n\n<p class=\"wp-block-paragraph\"><\/p>\n\n\n\n<p class=\"wp-block-paragraph\"><\/p>\n\n\n\n<p class=\"wp-block-paragraph\">Urspr\u00fcnglich aus dem Z\u00fcrcher Oberland stammend, lebe ich heute im Kanton Solothurn, bin verheiratet und habe einen erwachsenen Sohn, welcher zu meinem grossen Gl\u00fcck ganz in der N\u00e4he lebt. Ich liebe es, mich in der Natur aufzuhalten und ausgedehnte Spazierg\u00e4nge mit unserem Hund oder eine Tour mit dem Drahtesel zu unternehmen.<\/p>\n\n\n\n<p class=\"wp-block-paragraph\">In fr\u00fcheren Jahren habe ich in einer kleinen, aber feinen Druckerei gearbeitet und mich dort um die Druckvorstufe&nbsp;<br>und den Kundendienst gek\u00fcmmert. Zu einer unserer Dienst-<br>leistungen geh\u00f6rte das Aufsetzen von Trauerzirkularen.&nbsp;Dadurch hatte ich w\u00e4hrend dieser Zeit t\u00e4glich Kontakt mit trauernden Menschen und ihren individuellen&nbsp;Bed\u00fcrfnissen.<\/p>\n\n\n\n<p class=\"wp-block-paragraph\">Diese Begegnungen empfand ich als \u00e4usserst bereichernd und sp\u00fcrte gleichzeitig,&nbsp;dass ich die Gabe hatte, gut auf mein Gegen\u00fcber und dessen W\u00fcnsche eingehen zu k\u00f6nnen. F\u00fcr mich war das&nbsp;Aufsetzen der Anzeigen nicht einfach eine nebens\u00e4chliche, administrative Aufgabe, sondern eine&nbsp;Herzensangelegenheit. Sie sollten sch\u00f6n gestaltet, einwandfrei formuliert und vor allem grammatikalisch und&nbsp;inhaltlich korrekt sein. Seit ich meine T\u00e4tigkeit in dieser Druckerei vor gut 10 Jahren beendet hatte,&nbsp;vermisse ich immer wieder diese wertvollen, teilweise sehr ber\u00fchrenden Begegnungen mit den Menschen, welche&nbsp;sich in einer sehr traurigen und auch herausfordernden Situation befanden.<\/p>\n\n\n\n<p class=\"wp-block-paragraph\">Vor ein paar Jahren musste ich mich leider auch schon viel zu fr\u00fch mit meiner eigenen Verg\u00e4nglichkeit auseinandersetzen.<br>Gl\u00fccklicherweise nahm alles eine gute Wendung und ich darf nach wie vor das Leben mit all seinen Facetten geniessen und meinen Weg weitergehen. Daf\u00fcr bin ich sehr dankbar.<\/p>\n\n\n\n<p class=\"wp-block-paragraph\">Eine pers\u00f6nliche, schmerzliche Erfahrung sowie darauf-folgende F\u00fcgung des Schicksals haben mir dann schliesslich eine neue Perspektive er\u00f6ffnet. So entschied ich mich f\u00fcr eine Ausbildung zur freien, konfessionslosen Trauerrednerin und schloss diese im Dezember 2023 erfolgreich ab. In meiner neuen Aufgabe ist es mir abermals ein Herzensanliegen, Abschieds-Zeremonien pers\u00f6nlich und individuell zu gestalten und den Angeh\u00f6rigen somit Trost und Zuversicht mit auf den Weg zu geben.<\/p>\n\n\n\n<p class=\"wp-block-paragraph\"><\/p>\n\n\n\n<p class=\"wp-block-paragraph\"><\/p>\n\n\n\n<p class=\"wp-block-paragraph\"><em>\u00abAls freie Trauerrednerin gestalte ich&nbsp;einen besonderen Abschied&nbsp;von einem einzigartigen Menschen&nbsp;als Halt und Trost f\u00fcr die Hinterbliebenen.\u00bb<\/em><\/p>\n\n\n\n<p class=\"wp-block-paragraph\">Kathrin Zulauf<\/p>\n\n\n\n<p class=\"wp-block-paragraph\"><\/p>\n\n\n\n<div class=\"wp-block-uagb-container uagb-block-58c28fea alignfull uagb-is-root-container\"><div class=\"uagb-container-inner-blocks-wrap\"><\/div><\/div>\n\n\n\n<div class=\"wp-block-uagb-container uagb-block-d6ed7eed alignfull uagb-is-root-container\"><div class=\"uagb-container-inner-blocks-wrap\"><\/div><\/div>\n\n\n\n<div class=\"wp-block-uagb-container uagb-block-408cb008 alignfull uagb-is-root-container\"><div class=\"uagb-container-inner-blocks-wrap\"><\/div><\/div>\n\n\n\n<div class=\"wp-block-uagb-container uagb-block-18bea0de alignfull uagb-is-root-container\"><div class=\"uagb-container-inner-blocks-wrap\"><\/div><\/div>\n\n\n\n<p class=\"wp-block-paragraph\"><\/p>\n\n\n\n<p class=\"wp-block-paragraph\">Einen geliebten Menschen zu verlieren&nbsp;und endg\u00fcltig Abschied nehmen zu m\u00fcssen,&nbsp;ist ein bewegender und schmerzvoller Prozess.<\/p>\n\n\n\n<p class=\"wp-block-paragraph\">Oft gibt eine Abschiedszeremonie die M\u00f6glichkeit,&nbsp;einen wichtigen Schritt in diesem Prozess zu machen.&nbsp;Sei es als Abdankung in einer Kapelle,&nbsp;Begr\u00e4bnis auf einem Friedhof&nbsp;oder auch mit einem speziellen Ritual.<\/p>\n\n\n\n<p class=\"wp-block-paragraph\"><\/p>\n\n\n\n<p class=\"wp-block-paragraph\"><\/p>\n\n\n\n<p class=\"wp-block-paragraph\"><\/p>\n\n\n\n<div class=\"wp-block-uagb-container uagb-block-f12123ef alignfull uagb-is-root-container\"><div class=\"uagb-container-inner-blocks-wrap\"><\/div><\/div>\n\n\n\n<div class=\"wp-block-uagb-advanced-heading uagb-block-59578fda\"><h2 class=\"uagb-heading-text\">Your Attractive Heading<\/h2><\/div>\n","protected":false},"excerpt":{"rendered":"<p>Urspr\u00fcnglich aus dem Z\u00fcrcher Oberland stammend, lebe ich heute im Kanton Solothurn, bin verheiratet und habe einen erwachsenen Sohn, welcher zu meinem grossen Gl\u00fcck ganz in der N\u00e4he lebt. Ich liebe es, mich in der Natur aufzuhalten und ausgedehnte Spazierg\u00e4nge mit unserem Hund oder eine Tour mit dem Drahtesel zu unternehmen. In fr\u00fcheren Jahren habe [&hellip;]<\/p>\n","protected":false},"author":1,"featured_media":0,"parent":0,"menu_order":0,"comment_status":"closed","ping_status":"closed","template":"","meta":{"_crdt_document":"","footnotes":""},"class_list":["post-124","page","type-page","status-publish","hentry"],"yoast_head":"<!-- This site is optimized with the Yoast SEO plugin v27.4 - https:\/\/yoast.com\/product\/yoast-seo-wordpress\/ -->\n<title>Abschieds-Zeremonie - Ich begleite Sie beim Abschiednehmen.<\/title>\n<meta name=\"description\" content=\"\u00abAls freie Trauerrednerin gestalte ich einen besonderen Abschied von einem einzigartigen Menschen als Halt und Trost f\u00fcr die Hinterbliebenen.\u00bb\" \/>\n<meta name=\"robots\" content=\"index, follow, max-snippet:-1, max-image-preview:large, max-video-preview:-1\" \/>\n<link rel=\"canonical\" href=\"https:\/\/abschieds-zeremonie.ch\/\" \/>\n<meta property=\"og:locale\" content=\"de_DE\" \/>\n<meta property=\"og:type\" content=\"article\" \/>\n<meta property=\"og:title\" content=\"Abschieds-Zeremonie - Ich begleite Sie beim Abschiednehmen.\" \/>\n<meta property=\"og:description\" content=\"\u00abAls freie Trauerrednerin gestalte ich einen besonderen Abschied von einem einzigartigen Menschen als Halt und Trost f\u00fcr die Hinterbliebenen.\u00bb\" \/>\n<meta property=\"og:url\" content=\"https:\/\/abschieds-zeremonie.ch\/\" \/>\n<meta property=\"og:site_name\" content=\"Abschieds-Zeremonie\" \/>\n<meta property=\"article:modified_time\" content=\"2025-05-09T16:12:02+00:00\" \/>\n<meta name=\"twitter:card\" content=\"summary_large_image\" \/>\n<meta name=\"twitter:label1\" content=\"Gesch\u00e4tzte Lesezeit\" \/>\n\t<meta name=\"twitter:data1\" content=\"3\u00a0Minuten\" \/>\n<script type=\"application\/ld+json\" class=\"yoast-schema-graph\">{\"@context\":\"https:\\\/\\\/schema.org\",\"@graph\":[{\"@type\":\"WebPage\",\"@id\":\"https:\\\/\\\/abschieds-zeremonie.ch\\\/\",\"url\":\"https:\\\/\\\/abschieds-zeremonie.ch\\\/\",\"name\":\"Abschieds-Zeremonie - Ich begleite Sie beim Abschiednehmen.\",\"isPartOf\":{\"@id\":\"https:\\\/\\\/abschieds-zeremonie.ch\\\/#website\"},\"datePublished\":\"2019-08-09T11:19:26+00:00\",\"dateModified\":\"2025-05-09T16:12:02+00:00\",\"description\":\"\u00abAls freie Trauerrednerin gestalte ich einen besonderen Abschied von einem einzigartigen Menschen als Halt und Trost f\u00fcr die Hinterbliebenen.\u00bb\",\"breadcrumb\":{\"@id\":\"https:\\\/\\\/abschieds-zeremonie.ch\\\/#breadcrumb\"},\"inLanguage\":\"de\",\"potentialAction\":[{\"@type\":\"ReadAction\",\"target\":[\"https:\\\/\\\/abschieds-zeremonie.ch\\\/\"]}]},{\"@type\":\"BreadcrumbList\",\"@id\":\"https:\\\/\\\/abschieds-zeremonie.ch\\\/#breadcrumb\",\"itemListElement\":[{\"@type\":\"ListItem\",\"position\":1,\"name\":\"Startseite\",\"item\":\"https:\\\/\\\/abschieds-zeremonie.ch\\\/\"},{\"@type\":\"ListItem\",\"position\":2,\"name\":\"Abschieds-Zeremonie\"}]},{\"@type\":\"WebSite\",\"@id\":\"https:\\\/\\\/abschieds-zeremonie.ch\\\/#website\",\"url\":\"https:\\\/\\\/abschieds-zeremonie.ch\\\/\",\"name\":\"Abschieds-Zeremonie\",\"description\":\"Kathrin Zulauf\",\"publisher\":{\"@id\":\"https:\\\/\\\/abschieds-zeremonie.ch\\\/#organization\"},\"alternateName\":\"Trauerrednerin f\u00fcr besondere Abschiede\",\"potentialAction\":[{\"@type\":\"SearchAction\",\"target\":{\"@type\":\"EntryPoint\",\"urlTemplate\":\"https:\\\/\\\/abschieds-zeremonie.ch\\\/?s={search_term_string}\"},\"query-input\":{\"@type\":\"PropertyValueSpecification\",\"valueRequired\":true,\"valueName\":\"search_term_string\"}}],\"inLanguage\":\"de\"},{\"@type\":\"Organization\",\"@id\":\"https:\\\/\\\/abschieds-zeremonie.ch\\\/#organization\",\"name\":\"Abschieds-Zeremonie Kathrin Zulauf\",\"url\":\"https:\\\/\\\/abschieds-zeremonie.ch\\\/\",\"logo\":{\"@type\":\"ImageObject\",\"inLanguage\":\"de\",\"@id\":\"https:\\\/\\\/abschieds-zeremonie.ch\\\/#\\\/schema\\\/logo\\\/image\\\/\",\"url\":\"https:\\\/\\\/abschieds-zeremonie.ch\\\/wp-content\\\/uploads\\\/2021\\\/12\\\/Baum-allein-Pfad-v2.png\",\"contentUrl\":\"https:\\\/\\\/abschieds-zeremonie.ch\\\/wp-content\\\/uploads\\\/2021\\\/12\\\/Baum-allein-Pfad-v2.png\",\"width\":10181,\"height\":5908,\"caption\":\"Abschieds-Zeremonie Kathrin Zulauf\"},\"image\":{\"@id\":\"https:\\\/\\\/abschieds-zeremonie.ch\\\/#\\\/schema\\\/logo\\\/image\\\/\"}}]}<\/script>\n<!-- \/ Yoast SEO plugin. -->","yoast_head_json":{"title":"Abschieds-Zeremonie - Ich begleite Sie beim Abschiednehmen.","description":"\u00abAls freie Trauerrednerin gestalte ich einen besonderen Abschied von einem einzigartigen Menschen als Halt und Trost f\u00fcr die Hinterbliebenen.\u00bb","robots":{"index":"index","follow":"follow","max-snippet":"max-snippet:-1","max-image-preview":"max-image-preview:large","max-video-preview":"max-video-preview:-1"},"canonical":"https:\/\/abschieds-zeremonie.ch\/","og_locale":"de_DE","og_type":"article","og_title":"Abschieds-Zeremonie - Ich begleite Sie beim Abschiednehmen.","og_description":"\u00abAls freie Trauerrednerin gestalte ich einen besonderen Abschied von einem einzigartigen Menschen als Halt und Trost f\u00fcr die Hinterbliebenen.\u00bb","og_url":"https:\/\/abschieds-zeremonie.ch\/","og_site_name":"Abschieds-Zeremonie","article_modified_time":"2025-05-09T16:12:02+00:00","twitter_card":"summary_large_image","twitter_misc":{"Gesch\u00e4tzte Lesezeit":"3\u00a0Minuten"},"schema":{"@context":"https:\/\/schema.org","@graph":[{"@type":"WebPage","@id":"https:\/\/abschieds-zeremonie.ch\/","url":"https:\/\/abschieds-zeremonie.ch\/","name":"Abschieds-Zeremonie - Ich begleite Sie beim Abschiednehmen.","isPartOf":{"@id":"https:\/\/abschieds-zeremonie.ch\/#website"},"datePublished":"2019-08-09T11:19:26+00:00","dateModified":"2025-05-09T16:12:02+00:00","description":"\u00abAls freie Trauerrednerin gestalte ich einen besonderen Abschied von einem einzigartigen Menschen als Halt und Trost f\u00fcr die Hinterbliebenen.\u00bb","breadcrumb":{"@id":"https:\/\/abschieds-zeremonie.ch\/#breadcrumb"},"inLanguage":"de","potentialAction":[{"@type":"ReadAction","target":["https:\/\/abschieds-zeremonie.ch\/"]}]},{"@type":"BreadcrumbList","@id":"https:\/\/abschieds-zeremonie.ch\/#breadcrumb","itemListElement":[{"@type":"ListItem","position":1,"name":"Startseite","item":"https:\/\/abschieds-zeremonie.ch\/"},{"@type":"ListItem","position":2,"name":"Abschieds-Zeremonie"}]},{"@type":"WebSite","@id":"https:\/\/abschieds-zeremonie.ch\/#website","url":"https:\/\/abschieds-zeremonie.ch\/","name":"Abschieds-Zeremonie","description":"Kathrin Zulauf","publisher":{"@id":"https:\/\/abschieds-zeremonie.ch\/#organization"},"alternateName":"Trauerrednerin f\u00fcr besondere Abschiede","potentialAction":[{"@type":"SearchAction","target":{"@type":"EntryPoint","urlTemplate":"https:\/\/abschieds-zeremonie.ch\/?s={search_term_string}"},"query-input":{"@type":"PropertyValueSpecification","valueRequired":true,"valueName":"search_term_string"}}],"inLanguage":"de"},{"@type":"Organization","@id":"https:\/\/abschieds-zeremonie.ch\/#organization","name":"Abschieds-Zeremonie Kathrin Zulauf","url":"https:\/\/abschieds-zeremonie.ch\/","logo":{"@type":"ImageObject","inLanguage":"de","@id":"https:\/\/abschieds-zeremonie.ch\/#\/schema\/logo\/image\/","url":"https:\/\/abschieds-zeremonie.ch\/wp-content\/uploads\/2021\/12\/Baum-allein-Pfad-v2.png","contentUrl":"https:\/\/abschieds-zeremonie.ch\/wp-content\/uploads\/2021\/12\/Baum-allein-Pfad-v2.png","width":10181,"height":5908,"caption":"Abschieds-Zeremonie Kathrin Zulauf"},"image":{"@id":"https:\/\/abschieds-zeremonie.ch\/#\/schema\/logo\/image\/"}}]}},"_links":{"self":[{"href":"https:\/\/abschieds-zeremonie.ch\/index.php?rest_route=\/wp\/v2\/pages\/124","targetHints":{"allow":["GET"]}}],"collection":[{"href":"https:\/\/abschieds-zeremonie.ch\/index.php?rest_route=\/wp\/v2\/pages"}],"about":[{"href":"https:\/\/abschieds-zeremonie.ch\/index.php?rest_route=\/wp\/v2\/types\/page"}],"author":[{"embeddable":true,"href":"https:\/\/abschieds-zeremonie.ch\/index.php?rest_route=\/wp\/v2\/users\/1"}],"replies":[{"embeddable":true,"href":"https:\/\/abschieds-zeremonie.ch\/index.php?rest_route=%2Fwp%2Fv2%2Fcomments&post=124"}],"version-history":[{"count":7,"href":"https:\/\/abschieds-zeremonie.ch\/index.php?rest_route=\/wp\/v2\/pages\/124\/revisions"}],"predecessor-version":[{"id":1399,"href":"https:\/\/abschieds-zeremonie.ch\/index.php?rest_route=\/wp\/v2\/pages\/124\/revisions\/1399"}],"wp:attachment":[{"href":"https:\/\/abschieds-zeremonie.ch\/index.php?rest_route=%2Fwp%2Fv2%2Fmedia&parent=124"}],"curies":[{"name":"wp","href":"https:\/\/api.w.org\/{rel}","templated":true}]}}